{"id":616,"date":"2017-04-09T22:16:19","date_gmt":"2017-04-09T20:16:19","guid":{"rendered":"http:\/\/www.arqueoplus.com\/?page_id=616"},"modified":"2023-11-16T18:47:25","modified_gmt":"2023-11-16T17:47:25","slug":"publicaciones-conferencias-actividad-artistica","status":"publish","type":"page","link":"http:\/\/www.arqueoplus.com\/?page_id=616","title":{"rendered":"PUBLICACIONES CONFERENCIAS CREACI\u00d3N"},"content":{"rendered":"<p><img loading=\"lazy\" decoding=\"async\" class=\"size-medium wp-image-907\" src=\"http:\/\/www.arqueoplus.com\/wp-content\/uploads\/2020\/10\/alagon-300x225.jpg\" alt=\"Antonio Alag\u00f3n Cast\u00e1n ofreciendo conferencia en Huesca, DPH\/ACIAM. Primeros proyectos arqueol\u00f3gicos de exhumaci\u00f3n -Memoria Hist\u00f3rica- en la ciudad de Huesca. ARQVEOPLVS\u00a9\" width=\"300\" height=\"225\" srcset=\"http:\/\/www.arqueoplus.com\/wp-content\/uploads\/2020\/10\/alagon-300x225.jpg 300w, http:\/\/www.arqueoplus.com\/wp-content\/uploads\/2020\/10\/alagon-768x576.jpg 768w, http:\/\/www.arqueoplus.com\/wp-content\/uploads\/2020\/10\/alagon-1024x768.jpg 1024w, http:\/\/www.arqueoplus.com\/wp-content\/uploads\/2020\/10\/alagon-160x120.jpg 160w, http:\/\/www.arqueoplus.com\/wp-content\/uploads\/2020\/10\/alagon.jpg 1600w\" sizes=\"auto, (max-width: 300px) 100vw, 300px\" \/> \u00a0 \u00a0 \u00a0 \u00a0 \u00a0<a href=\"http:\/\/www.arqueoplus.com\/?attachment_id=1202\" rel=\"attachment wp-att-1202\"><img loading=\"lazy\" decoding=\"async\" class=\"alignnone  wp-image-1202\" src=\"http:\/\/www.arqueoplus.com\/wp-content\/uploads\/2021\/01\/1-157x300.jpg\" alt=\"\" width=\"164\" height=\"314\" srcset=\"http:\/\/www.arqueoplus.com\/wp-content\/uploads\/2021\/01\/1-157x300.jpg 157w, http:\/\/www.arqueoplus.com\/wp-content\/uploads\/2021\/01\/1-537x1024.jpg 537w, http:\/\/www.arqueoplus.com\/wp-content\/uploads\/2021\/01\/1-768x1464.jpg 768w, http:\/\/www.arqueoplus.com\/wp-content\/uploads\/2021\/01\/1-806x1536.jpg 806w, http:\/\/www.arqueoplus.com\/wp-content\/uploads\/2021\/01\/1-700x1334.jpg 700w, http:\/\/www.arqueoplus.com\/wp-content\/uploads\/2021\/01\/1-520x991.jpg 520w, http:\/\/www.arqueoplus.com\/wp-content\/uploads\/2021\/01\/1-360x686.jpg 360w, http:\/\/www.arqueoplus.com\/wp-content\/uploads\/2021\/01\/1-100x191.jpg 100w, http:\/\/www.arqueoplus.com\/wp-content\/uploads\/2021\/01\/1-scaled.jpg 1343w\" sizes=\"auto, (max-width: 164px) 100vw, 164px\" \/><\/a><\/p>\n<p><strong><u>PUBLICACIONES Y CONFERENCIAS_____________________________________<\/u><\/strong><\/p>\n<p><strong>-2023.<\/strong> Conferencia impartida titulada \u201cIntervenci\u00f3n arqueol\u00f3gica en Castillo D\u00b4Os Muros de Ayerbe (Huesca), Arqueolog\u00eda Km 0\u201d. dentro del Proyecto de recuperaci\u00f3n y puesta en valor del Castillo D\u00b4Os Muros de Ayerbe (Huesca). Zidma. Ayuntamiento de Ayerbe (Huesca).<\/p>\n<p><strong>-2022. <\/strong>Conferencia impartida titulada \u201cProyecto de recuperaci\u00f3n y puesta en valor del Castillo d\u00b4Os Muros de Ayerbe. 1\u00aa CAMPA\u00d1A (2022)\u201d. APIAC. Palacio de Los Urri\u00e9s de Ayerbe (Huesca).<\/p>\n<p><strong>-2022. <\/strong>Curso impartido titulado \u201cArqueolog\u00eda Cotidiana\u201d. APIAC. Palacio de Los Urri\u00e9s de Ayerbe (Huesca).<\/p>\n<p><strong>-2022.<\/strong> Publicaci\u00f3n art\u00edculo \u201cArqueolog\u00eda Km 0\u201d. Revista Comarca. Bolet\u00edn informativo N\u00ba 113. Abril-diciembre 2022. APIAC.<\/p>\n<p><strong>-2022.<\/strong> Codirecci\u00f3n \u00abEntorno natural de los asentamientos\u00bb en Corpus de Arte Rupestre del Alto Arag\u00f3n. Coor. M. Bea M. y P. Lanau H.<\/p>\n<p><strong>-2018. <\/strong>Conferencia impartida titulada: \u201cIntervenciones arqueol\u00f3gicas para la exhumaci\u00f3n de v\u00edctimas de la represi\u00f3n franquista en Huesca\u201d. \u00a0En Jornadas sobre Arqueolog\u00eda y Did\u00e1ctica de La Guerra Civil\u201d. ACIAM, AIDOS, DPH. Huesca, 2018.<\/p>\n<p><strong>-2017. <\/strong>Publicaci\u00f3n: \u201cAproximaci\u00f3n a la iglesia del Sancti Spiritus de Huesca a partir de una intervenci\u00f3n de arqueolog\u00eda preventiva\u201d. \u00a0Bolskan 26.<\/p>\n<p><strong>-2017.<\/strong> Conferencia impartida titulada \u201cIntervenci\u00f3n arqueol\u00f3gica preventiva en solar norte de la seo oscense \u201cLa \u00faltima gran ventana al pasado\u201d. Instituto de Estudios Altoaragoneses, Huesca.<\/p>\n<p><strong>-2015.\u00a0<\/strong>Publicaci\u00f3n:<strong>\u00a0<\/strong><strong>\u00ab<\/strong>Nuevos aportes al conocimiento de la Osca romana a partir de hallazgos localizados en C\/ Ramiro El Monje-tramo Goya-T.Moz\u00e1rabes-) de Huesca\u00bb.<em>\u00a0<\/em><em>Bimilenario de Augusto. Bolskan<\/em>\u00a02015.<\/p>\n<p><strong>-2015. <\/strong>Publicaci\u00f3n: \u00abEstudio arqueom\u00e9trico de un conjunto de placas romanas de m\u00e1rmol halladas en un solar de Osca\u00bb. Alag\u00f3n, A. et alii. I Congreso Aragon\u00e9s de Arqueolog\u00eda y Patrimonio. Zaragoza.<\/p>\n<p><strong>&#8211;<\/strong><strong>2014.<\/strong> Coautor-ilustrador del libro: \u201cEn Cal\u00f3\u201d. DL HU-414-2014. Print Raro-Jaca (Huesca).<\/p>\n<p><strong>-2013.<\/strong> Publicaci\u00f3n: \u201cA prop\u00f3sito de Novales\u00bb y \u00abLos vestigios de la Prehistoria\u00bb Coord. Cabez\u00f3n, M. y\u00a0Castell\u00f3, A.: \u00abNovales. Vida de una historia y naturaleza de un pueblo\u00bb. Pag. 21-60.\u00a0<strong>\u00a0<\/strong><\/p>\n<p><strong>-2012.<\/strong>\u00a0Profesor docente del m\u00f3dulo \u201cPatrimonio arqueol\u00f3gico medieval en Sorbrarbe\u201d, en el marco del curso \u201cGu\u00eda de Patrimonio Cultural de Sobrarbe\u201d. Comarca de Sobrarbe, Centro de Desarrollo de Sobrarbe y Ribagorza (CEDESOR). Bolta\u00f1a (Huesca).<\/p>\n<p><strong>-1999-2011<\/strong>. Publicaci\u00f3n anual de actuaciones arqueol\u00f3gicas dirigidas entre 1999 y 2011.\u00a0<em>Arqueolog\u00eda Aragonesa<\/em>\u00a0<em>1999-2011<\/em>. Gobierno de Arag\u00f3n.<\/p>\n<p><strong>-2008.<\/strong>\u00a0Conferencia impartida en Ayuntamiento de Quicena titulada. \u201cT. M. de Quicena, huellas arqueol\u00f3gicas en superficie\u201d. Ayuntamiento de Quicena.<\/p>\n<p><strong>-2007.<\/strong>\u00a0Publicaci\u00f3n:\u00a0<em>Prehistoria y antig\u00fcedad en Sobrarbe.\u00a0<\/em>Colecci\u00f3n Territorio. Huesca 2007 P. 85-94.<\/p>\n<p><strong>-2005.<\/strong>\u00a0Conferencia impartida titulada: \u201cYacimientos arqueol\u00f3gicos en Monegros, propuestas de conservaci\u00f3n\u201d Jornadas T\u00e9cnicas Ambientales y de Patrimonio. Plan Coordinado Monegros II. Gobierno de Arag\u00f3n y SIRASA. Universidad Polit\u00e9cnica de Huesca. Huesca.<\/p>\n<p><strong>-1999-2001. <\/strong>Alag\u00f3n, A. et alii.: \u201cInventario de patrimonio arquitect\u00f3nico de Sobrarbe y Ribagorza.\u201d Inventario in\u00e9dito, CEDESOR (Centro de Desarrollo de Sobrarbe y Ribagorza).<\/p>\n<p><strong>-1999.<\/strong>\u00a0Conferencia impartida en la Universidad de Zaragoza, a trav\u00e9s del Departamento de Ciencias de la Antig\u00fcedad titulada: \u201cProyectos Arqueol\u00f3gicos del I.N.A.H. 1998, M\u00e9xico\u201d.<\/p>\n<p><strong>-1998.<\/strong>\u00a0Conferencia impartida en el Centro de Estudios Teotihuacanos: \u201cPrehistoria en el Alto Arag\u00f3n. El surgimiento del Arte\u201d. Teotihuac\u00e1n, Edo. de M\u00e9xico, M\u00e9xico.<\/p>\n<p><strong><u>ACTIVIDAD CREATIVA_______________________________________________<\/u><\/strong><\/p>\n<p><strong>-2018.<\/strong> Fotograf\u00eda: 2\u00ba Premio del VII Concurso de Fotograf\u00eda \u201cMiradas de un barrio\u201d (Huesca).<\/p>\n<p><strong>-2018.<\/strong> Fotograf\u00eda: Exposici\u00f3n colectiva VII Concurso de Fotograf\u00eda \u201cMiradas de un barrio\u201d (Huesca).<\/p>\n<p><strong>-2017.<\/strong> Fotograf\u00eda: 3\u00ba Premio del VI Concurso de Fotograf\u00eda \u201cMiradas de un barrio\u201d (Huesca).<\/p>\n<p><strong>-2017.<\/strong> Fotograf\u00eda: Exposici\u00f3n colectiva VI Concurso de Fotograf\u00eda \u201cMiradas de un barrio\u201d (Huesca).<\/p>\n<p><strong>-2016.<\/strong> Fotograf\u00eda: 2\u00ba Premio del V Concurso de Fotograf\u00eda \u201cMiradas de un barrio\u201d (Huesca).<\/p>\n<p><strong>-2016.<\/strong> Fotograf\u00eda: Exposici\u00f3n colectiva V Concurso de Fotograf\u00eda \u201cMiradas de un barrio\u201d (Huesca).<\/p>\n<p><strong>-2015.<\/strong>\u00a0Exposici\u00f3n colectiva (pintura, dibujo y fotograf\u00eda) proyecto solidario REFUGI-ART. Espacio Arte y Restauraci\u00f3n (Huesca).<\/p>\n<p><strong>-2011.<\/strong> Creador del proyecto social de racionalizaci\u00f3n de bienes inmuebles \u201cLA LLAVE M\u00c1GICA\u201d. <a href=\"http:\/\/www.lallavemagica.org\">www.lallavemagica.org<\/a>.<\/p>\n<p><strong>-2011.<\/strong>\u00a0Fotograf\u00eda: I Premio en modalidad libre de \u201cConcurso Fotogr\u00e1fico Ciudad de Huesca\u201d.<\/p>\n<p><strong>-2011.<\/strong>\u00a0Fotograf\u00eda: Exposici\u00f3n colectiva Centro Cultural Matadero I Premio \u201cConcurso Fotogr\u00e1fico Ciudad de Huesca\u201d.<\/p>\n<p><strong>-2011.\u00a0<\/strong>Fotograf\u00eda: Portada y contraportada \u201cSin L\u00edmites\u201d, Revista de la Asociaci\u00f3n Aragonesa de Altas Capacidades. N\u00famero 2, A\u00f1o I, marzo de 2011.\u00a0<a href=\"http:\/\/www.altacapacidad.net\/\">http:\/\/www.altacapacidad.net<\/a>.<\/p>\n<p><strong>-2011.<\/strong>\u00a0Ilustraci\u00f3n del libro:\u00a0<em>Romances por Internet<\/em>. VV. AA. Centro de Educaci\u00f3n de Personas Adultas de Jaca (Huesca).<\/p>\n<p><strong>-2012.<\/strong>\u00a0Dibujo: Exposici\u00f3n individual de dibujos en Cafeter\u00eda Garabato. Huesca. T\u00edtulo: \u201cObservadores\u201d.<\/p>\n<p><strong>-2010.<\/strong>\u00a0Finalista en XIII \u201cConcurso Fotogr\u00e1fico Ciudad de Huesca\u201d.<\/p>\n<p><strong>-2010.<\/strong>\u00a0Fotograf\u00eda: Exposici\u00f3n colectiva. Centro Cultural del Matadero, finalista del \u201cConcurso Fotogr\u00e1fico Ciudad de Huesca\u201d.<\/p>\n<p><strong>-2009.<\/strong>\u00a0Fotograf\u00eda: Finalista en XII \u201cConcurso Fotogr\u00e1fico Ciudad de Huesca\u201d.<\/p>\n<p><strong>-2009.<\/strong>\u00a0Fotograf\u00eda: Exposici\u00f3n colectiva. Centro Cultural del Matadero, finalista del \u201cConcurso Fotogr\u00e1fico Ciudad de Huesca\u201d.<\/p>\n<p><strong>-2006.<\/strong>\u00a0Paisajismo\/Urbanismo\/Arquitectura: Proyecto \u201cART DEPO\u201d.<\/p>\n<p><strong>-1990.<\/strong>\u00a0Dibujo: Exposici\u00f3n colectiva. Sala Genaro Poza, Ibercaja. Huesca.<\/p>\n","protected":false},"excerpt":{"rendered":"<p>\u00a0 \u00a0 \u00a0 \u00a0 \u00a0 PUBLICACIONES Y CONFERENCIAS_____________________________________ -2023. Conferencia impartida titulada \u201cIntervenci\u00f3n arqueol\u00f3gica en Castillo D\u00b4Os Muros de Ayerbe (Huesca), Arqueolog\u00eda Km 0\u201d. dentro del Proyecto de recuperaci\u00f3n y puesta en valor del Castillo D\u00b4Os Muros de Ayerbe (Huesca). Zidma. Ayuntamiento de Ayerbe (Huesca). -2022. Conferencia impartida titulada \u201cProyecto [&hellip;]<\/p>\n","protected":false},"author":2,"featured_media":0,"parent":0,"menu_order":6,"comment_status":"closed","ping_status":"closed","template":"","meta":{"footnotes":""},"class_list":["post-616","page","type-page","status-publish","hentry","clearfix"],"_links":{"self":[{"href":"http:\/\/www.arqueoplus.com\/index.php?rest_route=\/wp\/v2\/pages\/616","targetHints":{"allow":["GET"]}}],"collection":[{"href":"http:\/\/www.arqueoplus.com\/index.php?rest_route=\/wp\/v2\/pages"}],"about":[{"href":"http:\/\/www.arqueoplus.com\/index.php?rest_route=\/wp\/v2\/types\/page"}],"author":[{"embeddable":true,"href":"http:\/\/www.arqueoplus.com\/index.php?rest_route=\/wp\/v2\/users\/2"}],"replies":[{"embeddable":true,"href":"http:\/\/www.arqueoplus.com\/index.php?rest_route=%2Fwp%2Fv2%2Fcomments&post=616"}],"version-history":[{"count":18,"href":"http:\/\/www.arqueoplus.com\/index.php?rest_route=\/wp\/v2\/pages\/616\/revisions"}],"predecessor-version":[{"id":1235,"href":"http:\/\/www.arqueoplus.com\/index.php?rest_route=\/wp\/v2\/pages\/616\/revisions\/1235"}],"wp:attachment":[{"href":"http:\/\/www.arqueoplus.com\/index.php?rest_route=%2Fwp%2Fv2%2Fmedia&parent=616"}],"curies":[{"name":"wp","href":"https:\/\/api.w.org\/{rel}","templated":true}]}}