{"id":172,"date":"2012-12-21T06:47:42","date_gmt":"2012-12-21T05:47:42","guid":{"rendered":"http:\/\/www.arqueoplus.com\/?page_id=172"},"modified":"2023-03-02T10:49:54","modified_gmt":"2023-03-02T09:49:54","slug":"inicio","status":"publish","type":"page","link":"http:\/\/www.arqueoplus.com\/","title":{"rendered":"INICIO"},"content":{"rendered":"<p><img loading=\"lazy\" decoding=\"async\" class=\"alignnone size-medium wp-image-719\" src=\"http:\/\/www.arqueoplus.com\/wp-content\/uploads\/2012\/12\/PORTADA-16-1-300x188.jpg\" alt=\"\" width=\"300\" height=\"188\" srcset=\"http:\/\/www.arqueoplus.com\/wp-content\/uploads\/2012\/12\/PORTADA-16-1-300x188.jpg 300w, http:\/\/www.arqueoplus.com\/wp-content\/uploads\/2012\/12\/PORTADA-16-1.jpg 673w\" sizes=\"auto, (max-width: 300px) 100vw, 300px\" \/><\/p>\n\n\n<p class=\"has-text-align-left\">Esta es la p\u00e1gina web profesional de <\/p>\n\n\n\n<p class=\"has-text-align-left\">ANTONIO ALAG\u00d3N CAST\u00c1N  <em>ARQUE\u00d3LOGO COLEGIADO CDL ARAG\u00d3N N\u00ba 10.870<\/em><\/p>\n","protected":false},"excerpt":{"rendered":"<p>Esta es la p\u00e1gina web profesional de ANTONIO ALAG\u00d3N CAST\u00c1N ARQUE\u00d3LOGO COLEGIADO CDL ARAG\u00d3N N\u00ba 10.870<\/p>\n","protected":false},"author":1,"featured_media":0,"parent":0,"menu_order":1,"comment_status":"closed","ping_status":"closed","template":"","meta":{"footnotes":""},"class_list":["post-172","page","type-page","status-publish","hentry","clearfix"],"_links":{"self":[{"href":"http:\/\/www.arqueoplus.com\/index.php?rest_route=\/wp\/v2\/pages\/172","targetHints":{"allow":["GET"]}}],"collection":[{"href":"http:\/\/www.arqueoplus.com\/index.php?rest_route=\/wp\/v2\/pages"}],"about":[{"href":"http:\/\/www.arqueoplus.com\/index.php?rest_route=\/wp\/v2\/types\/page"}],"author":[{"embeddable":true,"href":"http:\/\/www.arqueoplus.com\/index.php?rest_route=\/wp\/v2\/users\/1"}],"replies":[{"embeddable":true,"href":"http:\/\/www.arqueoplus.com\/index.php?rest_route=%2Fwp%2Fv2%2Fcomments&post=172"}],"version-history":[{"count":11,"href":"http:\/\/www.arqueoplus.com\/index.php?rest_route=\/wp\/v2\/pages\/172\/revisions"}],"predecessor-version":[{"id":1217,"href":"http:\/\/www.arqueoplus.com\/index.php?rest_route=\/wp\/v2\/pages\/172\/revisions\/1217"}],"wp:attachment":[{"href":"http:\/\/www.arqueoplus.com\/index.php?rest_route=%2Fwp%2Fv2%2Fmedia&parent=172"}],"curies":[{"name":"wp","href":"https:\/\/api.w.org\/{rel}","templated":true}]}}